{"id":61,"date":"2021-10-07T14:12:47","date_gmt":"2021-10-07T14:12:47","guid":{"rendered":"https:\/\/hotel-zum-schwan.com\/?page_id=61"},"modified":"2026-03-25T12:56:53","modified_gmt":"2026-03-25T12:56:53","slug":"kontaktdaten","status":"publish","type":"page","link":"https:\/\/hotel-zum-schwan.com\/?page_id=61","title":{"rendered":"Kontakt&shy;daten"},"content":{"rendered":"\n\n<h1>\n\t\t\tKontakt&shy;daten &#8230;\t<\/h1>\n\t<ul>\n\t\t<li>\t\t\t\t\n\t\t<h3>Anschrift<\/h3><p>Hotel zum Schwan<br \/>K\u00f6lner Str. 99-101, 53919 Weilerswist<\/p><\/li>\t<\/ul>\n\t<ul>\n\t\t<li>\t\t\t\t\n\t\t<h3>Telefon &amp; Fax<\/h3><p>Tel.:02254 &#8211; 82 363Fax:02232 &#8211; 49 332<\/p><\/li>\t<\/ul>\n\t<ul>\n\t\t<li>\t\t\t\t\n\t\t<h3>\u00d6ffnungszeiten<\/h3><p>Dienstag &#8211; Sonntag:<br \/>16:00 Uhr bis 22:00 UhrMontag: Ruhetag<strong>Verkostung:<\/strong><br \/>ab 18:30 Uhr bis 21:30 Uhr<\/p><\/li>\t<\/ul>\n\t<ul>\n\t\t<li>\t\t\t\t\n\t\t<h3>E-Mail <\/h3><p>Reservierung@Hotel-zum-Schwan.com<\/p><\/li>\t<\/ul>\n<h2>\n\t\t\tGutschein bestellen &#8230;\t<\/h2>\n\t<p>Bei uns erhalten Sie Gutscheine. Besuchen Sie uns in unserem Hause oder bestellen Sie diesen hier\u00a0online.<\/p>\n<p>Der Gutschein wird Ihnen nach der online Bestellung dann umgehend zugestellt.<\/p>\n\t\t\t<a href=\"https:\/\/www.yovite.com\/Restaurant-Gutschein-R-18989601.html?REF=REST\" target=\"_blank\" rel=\"noopener\">\n\t\t\t\t\t\t\tGutschein bestellen\n\t\t\t\t\t<\/a>\n\n<h2>\n\t\t\tKundenstimmen &#8230;\t<\/h2>\n\t\t\t\t\t\t\t\t<h3 class='uabb-testimonial-author-name testimonial-author-name'>Chris H.<\/h3>\n\t\t\t\t\t\t\tFilled starFilled starFilled starFilled starFilled star\n\t\t\t\t\t\t\t<p>Sehr leckeres Essen &amp; K\u00f6lsch &amp; Pils frisch vom Fass! Heimelige &amp; angenehme Atmosph\u00e4re, auch wenn man nicht auf &#8222;Old Fashion&#8220; oder &#8222;Vintage&#8220; steht, ist es sehr gem\u00fctlich &amp; empfehlenswert!Angenehmer &amp; liebenswerter Service<\/p>\t\t\t\t\t\t\n\t\t\t\t\t\t\t\t<h3 class='uabb-testimonial-author-name testimonial-author-name'>Claudia R.<\/h3>\n\t\t\t\t\t\t\tFilled starFilled starFilled starFilled starFilled star\n\t\t\t\t\t\t\t<p>Sehr gem\u00fctlich, wie in Omas Wohnzimmer! Da wohnt man schon Jahre lang in der N\u00e4he und findet erst durch Zufall heraus, dass es in Weilerswist ein nettes Caf\u00e9\/Restaurant gibt. Getr\u00e4nke waren recht g\u00fcnstig, beim n\u00e4chsten Besuch werde ich das Essen testen!Sehr nette Bedienung heute Abend gehabt (ist hoffentlich noch \u00f6fter dort anzutreffen).<\/p>\t\t\t\t\t\t\n\t\t\t\t\t\t\t\t<h3 class='uabb-testimonial-author-name testimonial-author-name'>K aus K.<\/h3>\n\t\t\t\t\t\t\tFilled starFilled starFilled starFilled starFilled star\n\t\t\t\t\t\t\t<p>F\u00fcr Ambiente und das Geb\u00e4ude 5 Sterne. Wenn Corona vorbei ist w\u00fcrde ich gerne mal einkehren.<\/p>\t\t\t\t\t\t\n\t\t\t\t\t\t\t\t<h3 class='uabb-testimonial-author-name testimonial-author-name'>Sandra H.<\/h3>\n\t\t\t\t\t\t\tFilled starFilled starFilled starFilled starEmpty star\n\t\t\t\t\t\t\t<p>Sehr sch\u00f6n eingerichtetes Hotel, eine Kombi von alt und neu. Sehr gute K\u00fcche und nettes Personal.<\/p>\t\t\t\t\t\t\n\t\t\t\t\t\t\t\t<h3 class='uabb-testimonial-author-name testimonial-author-name'>M. K.<\/h3>\n\t\t\t\t\t\t\tFilled starFilled starFilled starFilled starFilled star\n\t\t\t\t\t\t\t<p>Sehr uriges gem\u00fctliches Ambiente, sch\u00f6ner kleiner Biergarten im Innenhof, im Sommer definitiv zu empfehlen.<\/p>\t\t\t\t\t\t\n\t\t\t\t\t\t\t\t<h3 class='uabb-testimonial-author-name testimonial-author-name'>Sabine K.<\/h3>\n\t\t\t\t\t\t\tFilled starFilled starFilled starFilled starFilled star\n\t\t\t\t\t\t\t<p>Super Ambiente zum schwelgen. Essen reichlich super angerichtet und lecker. Komme gerne wieder<\/p>\t\t\t\t\t\t\n\t\t\t\t\t\t\t\t<h3 class='uabb-testimonial-author-name testimonial-author-name'>Frank L.<\/h3>\n\t\t\t\t\t\t\tFilled starFilled starFilled starFilled starEmpty star\n\t\t\t\t\t\t\t<p>Klein aber fein und nettes Personal<\/p>\t\t\t\t\t\t\n\t\t\t\t\t\t\t\t<h3 class='uabb-testimonial-author-name testimonial-author-name'>M. S.<\/h3>\n\t\t\t\t\t\t\tFilled starFilled starFilled starFilled starFilled star\n\t\t\t\t\t\t\t<p>Sehr nette Mitarbeiter an der Rezeption. Zimmer sind sauber und gepflegt.<\/p>\t\t\t\t\t\t\n\t\t\t\t\t\t\t\t<h3 class='uabb-testimonial-author-name testimonial-author-name'>Ti Na<\/h3>\n\t\t\t\t\t\t\tFilled starFilled starFilled starFilled starFilled star\n\t\t\t\t\t\t\t<p>Uriger Laden, essen war lecker und der Kellner sehr freundlich. Preis Leistung passt!<\/p>\t\t\t\t\t\t\n\t\t\t\t\t\t\t\t<h3 class='uabb-testimonial-author-name testimonial-author-name'>B G.<\/h3>\n\t\t\t\t\t\t\tFilled starFilled starFilled starFilled starFilled star\n\t\t\t\t\t\t\t<p>Wenn ich wieder dort in der N\u00e4he hinfahre. Dann dort sehr nettes Personal und vor allem das Essen war mega gut<\/p>\t\t\t\t\t\t\n\t\t\t\t\t\t\t\t<h3 class='uabb-testimonial-author-name testimonial-author-name'>Christian<\/h3>\n\t\t\t\t\t\t\tFilled starFilled starFilled starFilled starFilled star\n\t\t\t\t\t\t\t<p>Sehr freundliche und aufmerksame Bedienung. Guter Wein und leckeres Essen in gem\u00fctlichem Ambiente<\/p>\t\t\t\t\t\t\n\t\t\t\t\t\t\t\t<h3 class='uabb-testimonial-author-name testimonial-author-name'>Sascha A.<\/h3>\n\t\t\t\t\t\t\tFilled starFilled starFilled starFilled starFilled star\n\t\t\t\t\t\t\t<p>Sehr nettes Personal, Zimmer sauber, Fr\u00fchst\u00fcck sehr gut, Sehr nahe gelegen zum Phantasialand. Passt einfach alles. Vielen Dank<\/p>\t\t\t\t\t\t\n\t<iframe src=\"https:\/\/www.google.com\/maps\/embed?pb=!1m18!1m12!1m3!1d2524.040647013673!2d6.837335951872796!3d50.756279979418196!2m3!1f0!2f0!3f0!3m2!1i1024!2i768!4f13.1!3m3!1m2!1s0x47bf176476bf8345%3A0xe4db3608971a11f3!2sHotel%20Zum%20Schwan!5e0!3m2!1sde!2sde!4v1633616132026!5m2!1sde!2sde\" width=\"100%\" height=\"450\" allowfullscreen=\"\" loading=\"lazy\"><\/iframe>\n<h2>\n\t\t\tJetzt buchen &#8230;\t<\/h2>\n\t<p>Reservieren Sie hier online Ihren Aufenthalt in unserem Hause:<\/p>\n\t\t\t<a href=\"https:\/\/via.eviivo.com\/HotelzumSchwan53919\" target=\"_blank\" rel=\"noopener\">\n\t\t\t\t\t\t\tJetzt buchen\n\t\t\t\t\t<\/a>\n\n","protected":false},"excerpt":{"rendered":"<p>Kontakt&shy;daten &#8230; Anschrift Hotel zum SchwanK\u00f6lner Str. 99-101, 53919 Weilerswist Telefon &amp; Fax Tel.:02254 &#8211; 82 363Fax:02232 &#8211; 49 332 \u00d6ffnungszeiten Dienstag &#8211; Sonntag:16:00 Uhr bis 22:00 UhrMontag: RuhetagVerkostung:ab 18:30 Uhr bis 21:30 Uhr E-Mail Reservierung@Hotel-zum-Schwan.com Gutschein bestellen &#8230; Bei uns erhalten Sie Gutscheine. Besuchen Sie uns in unserem Hause oder bestellen Sie diesen hier\u00a0online.&hellip;<\/p>\n","protected":false},"author":1,"featured_media":0,"parent":0,"menu_order":0,"comment_status":"closed","ping_status":"closed","template":"","meta":[],"yoast_head":"<!-- This site is optimized with the Yoast SEO plugin v21.8.1 - https:\/\/yoast.com\/wordpress\/plugins\/seo\/ -->\n<title>Kontakt&shy;daten - Hotel zum Schwan - Weilerswist<\/title>\n<meta name=\"robots\" content=\"index, follow, max-snippet:-1, max-image-preview:large, max-video-preview:-1\" \/>\n<link rel=\"canonical\" href=\"https:\/\/hotel-zum-schwan.com\/?page_id=61\" \/>\n<meta property=\"og:locale\" content=\"de_DE\" \/>\n<meta property=\"og:type\" content=\"article\" \/>\n<meta property=\"og:title\" content=\"Kontakt&shy;daten - Hotel zum Schwan - Weilerswist\" \/>\n<meta property=\"og:description\" content=\"Kontakt&shy;daten &#8230; Anschrift Hotel zum SchwanK\u00f6lner Str. 99-101, 53919 Weilerswist Telefon &amp; Fax Tel.:02254 &#8211; 82 363Fax:02232 &#8211; 49 332 \u00d6ffnungszeiten Dienstag &#8211; Sonntag:16:00 Uhr bis 22:00 UhrMontag: RuhetagVerkostung:ab 18:30 Uhr bis 21:30 Uhr E-Mail Reservierung@Hotel-zum-Schwan.com Gutschein bestellen &#8230; Bei uns erhalten Sie Gutscheine. Besuchen Sie uns in unserem Hause oder bestellen Sie diesen hier\u00a0online.&hellip;\" \/>\n<meta property=\"og:url\" content=\"https:\/\/hotel-zum-schwan.com\/?page_id=61\" \/>\n<meta property=\"og:site_name\" content=\"Hotel zum Schwan - Weilerswist\" \/>\n<meta property=\"article:modified_time\" content=\"2026-03-25T12:56:53+00:00\" \/>\n<meta name=\"twitter:card\" content=\"summary_large_image\" \/>\n<script type=\"application\/ld+json\" class=\"yoast-schema-graph\">{\"@context\":\"https:\/\/schema.org\",\"@graph\":[{\"@type\":\"WebPage\",\"@id\":\"https:\/\/hotel-zum-schwan.com\/?page_id=61\",\"url\":\"https:\/\/hotel-zum-schwan.com\/?page_id=61\",\"name\":\"Kontakt&shy;daten - Hotel zum Schwan - Weilerswist\",\"isPartOf\":{\"@id\":\"https:\/\/hotel-zum-schwan.com\/#website\"},\"datePublished\":\"2021-10-07T14:12:47+00:00\",\"dateModified\":\"2026-03-25T12:56:53+00:00\",\"breadcrumb\":{\"@id\":\"https:\/\/hotel-zum-schwan.com\/?page_id=61#breadcrumb\"},\"inLanguage\":\"de\",\"potentialAction\":[{\"@type\":\"ReadAction\",\"target\":[\"https:\/\/hotel-zum-schwan.com\/?page_id=61\"]}]},{\"@type\":\"BreadcrumbList\",\"@id\":\"https:\/\/hotel-zum-schwan.com\/?page_id=61#breadcrumb\",\"itemListElement\":[{\"@type\":\"ListItem\",\"position\":1,\"name\":\"Home\",\"item\":\"https:\/\/hotel-zum-schwan.com\/\"},{\"@type\":\"ListItem\",\"position\":2,\"name\":\"Kontakt&shy;daten\"}]},{\"@type\":\"WebSite\",\"@id\":\"https:\/\/hotel-zum-schwan.com\/#website\",\"url\":\"https:\/\/hotel-zum-schwan.com\/\",\"name\":\"Hotel zum Schwan - Weilerswist\",\"description\":\"\",\"potentialAction\":[{\"@type\":\"SearchAction\",\"target\":{\"@type\":\"EntryPoint\",\"urlTemplate\":\"https:\/\/hotel-zum-schwan.com\/?s={search_term_string}\"},\"query-input\":\"required name=search_term_string\"}],\"inLanguage\":\"de\"}]}<\/script>\n<!-- \/ Yoast SEO plugin. -->","yoast_head_json":{"title":"Kontakt&shy;daten - Hotel zum Schwan - Weilerswist","robots":{"index":"index","follow":"follow","max-snippet":"max-snippet:-1","max-image-preview":"max-image-preview:large","max-video-preview":"max-video-preview:-1"},"canonical":"https:\/\/hotel-zum-schwan.com\/?page_id=61","og_locale":"de_DE","og_type":"article","og_title":"Kontakt&shy;daten - Hotel zum Schwan - Weilerswist","og_description":"Kontakt&shy;daten &#8230; Anschrift Hotel zum SchwanK\u00f6lner Str. 99-101, 53919 Weilerswist Telefon &amp; Fax Tel.:02254 &#8211; 82 363Fax:02232 &#8211; 49 332 \u00d6ffnungszeiten Dienstag &#8211; Sonntag:16:00 Uhr bis 22:00 UhrMontag: RuhetagVerkostung:ab 18:30 Uhr bis 21:30 Uhr E-Mail Reservierung@Hotel-zum-Schwan.com Gutschein bestellen &#8230; Bei uns erhalten Sie Gutscheine. Besuchen Sie uns in unserem Hause oder bestellen Sie diesen hier\u00a0online.&hellip;","og_url":"https:\/\/hotel-zum-schwan.com\/?page_id=61","og_site_name":"Hotel zum Schwan - Weilerswist","article_modified_time":"2026-03-25T12:56:53+00:00","twitter_card":"summary_large_image","schema":{"@context":"https:\/\/schema.org","@graph":[{"@type":"WebPage","@id":"https:\/\/hotel-zum-schwan.com\/?page_id=61","url":"https:\/\/hotel-zum-schwan.com\/?page_id=61","name":"Kontakt&shy;daten - Hotel zum Schwan - Weilerswist","isPartOf":{"@id":"https:\/\/hotel-zum-schwan.com\/#website"},"datePublished":"2021-10-07T14:12:47+00:00","dateModified":"2026-03-25T12:56:53+00:00","breadcrumb":{"@id":"https:\/\/hotel-zum-schwan.com\/?page_id=61#breadcrumb"},"inLanguage":"de","potentialAction":[{"@type":"ReadAction","target":["https:\/\/hotel-zum-schwan.com\/?page_id=61"]}]},{"@type":"BreadcrumbList","@id":"https:\/\/hotel-zum-schwan.com\/?page_id=61#breadcrumb","itemListElement":[{"@type":"ListItem","position":1,"name":"Home","item":"https:\/\/hotel-zum-schwan.com\/"},{"@type":"ListItem","position":2,"name":"Kontakt&shy;daten"}]},{"@type":"WebSite","@id":"https:\/\/hotel-zum-schwan.com\/#website","url":"https:\/\/hotel-zum-schwan.com\/","name":"Hotel zum Schwan - Weilerswist","description":"","potentialAction":[{"@type":"SearchAction","target":{"@type":"EntryPoint","urlTemplate":"https:\/\/hotel-zum-schwan.com\/?s={search_term_string}"},"query-input":"required name=search_term_string"}],"inLanguage":"de"}]}},"_links":{"self":[{"href":"https:\/\/hotel-zum-schwan.com\/index.php?rest_route=\/wp\/v2\/pages\/61"}],"collection":[{"href":"https:\/\/hotel-zum-schwan.com\/index.php?rest_route=\/wp\/v2\/pages"}],"about":[{"href":"https:\/\/hotel-zum-schwan.com\/index.php?rest_route=\/wp\/v2\/types\/page"}],"author":[{"embeddable":true,"href":"https:\/\/hotel-zum-schwan.com\/index.php?rest_route=\/wp\/v2\/users\/1"}],"replies":[{"embeddable":true,"href":"https:\/\/hotel-zum-schwan.com\/index.php?rest_route=%2Fwp%2Fv2%2Fcomments&post=61"}],"version-history":[{"count":15,"href":"https:\/\/hotel-zum-schwan.com\/index.php?rest_route=\/wp\/v2\/pages\/61\/revisions"}],"predecessor-version":[{"id":375,"href":"https:\/\/hotel-zum-schwan.com\/index.php?rest_route=\/wp\/v2\/pages\/61\/revisions\/375"}],"wp:attachment":[{"href":"https:\/\/hotel-zum-schwan.com\/index.php?rest_route=%2Fwp%2Fv2%2Fmedia&parent=61"}],"curies":[{"name":"wp","href":"https:\/\/api.w.org\/{rel}","templated":true}]}}